{"id":4536,"date":"2023-11-10T12:02:33","date_gmt":"2023-11-10T12:02:33","guid":{"rendered":"https:\/\/www.certifica2it.com\/?page_id=4536"},"modified":"2024-04-11T18:31:53","modified_gmt":"2024-04-11T16:31:53","slug":"devops-es","status":"publish","type":"page","link":"https:\/\/www.certifica2it.com\/devops\/devops-es\/","title":{"rendered":"DevOps-ES"},"content":{"rendered":"\n<style type=\"text\/css\" data-created_by=\"avia_inline_auto\" id=\"style-css-av-37pwmw-13bf773b49decf74238cc633e18dd53c\">\n.avia-section.av-37pwmw-13bf773b49decf74238cc633e18dd53c{\nbackground-color:#68b0c1;\nbackground-image:unset;\nmargin-top:0px;\nmargin-bottom:0px;\n}\n<\/style>\n<div id='usuario2'  class='avia-section av-37pwmw-13bf773b49decf74238cc633e18dd53c main_color avia-section-no-padding avia-shadow  avia-builder-el-0  el_before_av_section  avia-builder-el-first  avia-bg-style-scroll av-minimum-height av-minimum-height-custom av-height-custom  container_wrap sidebar_right'   data-av_minimum_height_px='15'><div class='container av-section-cont-open' style='height:15px'><main  role=\"main\" itemprop=\"mainContentOfPage\"  class='template-page content  av-content-small alpha units'><div class='post-entry post-entry-type-page post-entry-4536'><div class='entry-content-wrapper clearfix'>\n<\/div><\/div><\/main><!-- close content main element --><\/div><\/div>\n<style type=\"text\/css\" data-created_by=\"avia_inline_auto\" id=\"style-css-av-kgby02kg-0ce0becd21274b84407192f23c775e1f\">\n.avia-section.av-kgby02kg-0ce0becd21274b84407192f23c775e1f{\nmargin-top:0px;\nmargin-bottom:0px;\n}\n.avia-section.av-kgby02kg-0ce0becd21274b84407192f23c775e1f .av-section-color-overlay{\nopacity:0.5;\nbackground-image:url(https:\/\/www.certifica2it.com\/devops\/wp-content\/themes\/enfold\/images\/background-images\/diagonal-thin-dark.png);\nbackground-repeat:repeat;\n}\n<\/style>\n<div id='av_section_2'  class='avia-section av-kgby02kg-0ce0becd21274b84407192f23c775e1f main_color avia-section-no-padding avia-no-border-styling  avia-builder-el-1  el_after_av_section  el_before_av_section  avia-bg-style-scroll av-section-color-overlay-active av-minimum-height av-minimum-height-custom av-height-custom  container_wrap sidebar_right'   data-av_minimum_height_px='50'><div class=\"av-section-color-overlay-wrap\"><div class=\"av-section-color-overlay\"><\/div><div class='container av-section-cont-open' style='height:50px'><div class='template-page content  av-content-small alpha units'><div class='post-entry post-entry-type-page post-entry-4536'><div class='entry-content-wrapper clearfix'>\n\n<style type=\"text\/css\" data-created_by=\"avia_inline_auto\" id=\"style-css-av-kgfcppvh-cf6bc0dd538d94efdd0db1f2031c6c81\">\n.avia-image-container.av-kgfcppvh-cf6bc0dd538d94efdd0db1f2031c6c81 img.avia_image{\nbox-shadow:none;\n}\n.avia-image-container.av-kgfcppvh-cf6bc0dd538d94efdd0db1f2031c6c81 .av-image-caption-overlay-center{\ncolor:#ffffff;\n}\n<\/style>\n<div  class='avia-image-container av-kgfcppvh-cf6bc0dd538d94efdd0db1f2031c6c81 av-styling- av-img-linked avia_animated_image av-animated-when-visible-95 av-rotateIn avia-align-left  avia-builder-el-2  avia-builder-el-no-sibling '   itemprop=\"image\" itemscope=\"itemscope\" itemtype=\"https:\/\/schema.org\/ImageObject\" ><div class=\"avia-image-container-inner\"><div class=\"avia-image-overlay-wrap\"><a href=\"https:\/\/www.certifica2it.com\/devops\/\" class='avia_image '  aria-label='escudo-ExamenDevOps-150'><img decoding=\"async\" fetchpriority=\"high\" class='wp-image-4874 avia-img-lazy-loading-not-4874 avia_image ' src=\"https:\/\/www.certifica2it.com\/devops\/wp-content\/uploads\/sites\/3\/2024\/02\/escudo-ExamenDevOps-150.png\" alt='' title='escudo-ExamenDevOps-150'  height=\"150\" width=\"150\"  itemprop=\"thumbnailUrl\"  \/><\/a><\/div><\/div><\/div>\n\n<\/div><\/div><\/div><!-- close content main div --><\/div><\/div><\/div>\n<style type=\"text\/css\" data-created_by=\"avia_inline_auto\" id=\"style-css-av-kggljz0h-d4cfd98ea4ff70b3a122f6ce68b7382b\">\n.avia-section.av-kggljz0h-d4cfd98ea4ff70b3a122f6ce68b7382b{\nbackground-color:#68b0c1;\nbackground-image:unset;\nmargin-top:0px;\nmargin-bottom:0px;\n}\n<\/style>\n<div id='usuario2'  class='avia-section av-kggljz0h-d4cfd98ea4ff70b3a122f6ce68b7382b main_color avia-section-no-padding avia-shadow  avia-builder-el-3  el_after_av_section  el_before_av_section  avia-bg-style-scroll av-minimum-height av-minimum-height-custom av-height-custom  container_wrap sidebar_right'   data-av_minimum_height_px='15'><div class='container av-section-cont-open' style='height:15px'><div class='template-page content  av-content-small alpha units'><div class='post-entry post-entry-type-page post-entry-4536'><div class='entry-content-wrapper clearfix'>\n<\/div><\/div><\/div><!-- close content main div --><\/div><\/div>\n<style type=\"text\/css\" data-created_by=\"avia_inline_auto\" id=\"style-css-av-4rmic8-b8a68237052d9a718872d6bc61bb5d22\">\n.avia-section.av-4rmic8-b8a68237052d9a718872d6bc61bb5d22{\nbackground-color:#384d5d;\nbackground-image:unset;\nmargin-top:0px;\nmargin-bottom:0px;\n}\n.avia-section.av-4rmic8-b8a68237052d9a718872d6bc61bb5d22 .av-section-color-overlay{\nopacity:0.5;\nbackground-image:url(https:\/\/www.certifica2it.com\/devops\/wp-content\/themes\/enfold\/images\/background-images\/ios-linen-dark.png);\nbackground-repeat:repeat;\n}\n<\/style>\n<div id='usuario'  class='avia-section av-4rmic8-b8a68237052d9a718872d6bc61bb5d22 main_color avia-section-no-padding avia-no-border-styling  avia-builder-el-4  el_after_av_section  el_before_av_section  avia-bg-style-scroll av-section-color-overlay-active av-minimum-height av-minimum-height-custom av-height-custom  container_wrap sidebar_right'   data-av_minimum_height_px='25'><div class=\"av-section-color-overlay-wrap\"><div class=\"av-section-color-overlay\"><\/div><div class='container av-section-cont-open' style='height:25px'><div class='template-page content  av-content-small alpha units'><div class='post-entry post-entry-type-page post-entry-4536'><div class='entry-content-wrapper clearfix'>\n<\/div><\/div><\/div><!-- close content main div --><\/div><\/div><\/div>\n<style type=\"text\/css\" data-created_by=\"avia_inline_auto\" id=\"style-css-av-kggljz0h-2-ca8aeccd51cbd9c73292398e268f9ead\">\n.avia-section.av-kggljz0h-2-ca8aeccd51cbd9c73292398e268f9ead{\nbackground-color:#68b0c1;\nbackground-image:unset;\nmargin-top:0px;\nmargin-bottom:0px;\n}\n<\/style>\n<div id='usuario2'  class='avia-section av-kggljz0h-2-ca8aeccd51cbd9c73292398e268f9ead main_color avia-section-no-padding avia-no-border-styling  avia-builder-el-5  el_after_av_section  el_before_av_submenu  avia-bg-style-scroll av-minimum-height av-minimum-height-custom av-height-custom  container_wrap sidebar_right'   data-av_minimum_height_px='15'><div class='container av-section-cont-open' style='height:15px'><div class='template-page content  av-content-small alpha units'><div class='post-entry post-entry-type-page post-entry-4536'><div class='entry-content-wrapper clearfix'>\n<\/div><\/div><\/div><!-- close content main div --><\/div><\/div><div class='clear'><\/div><div id='sub_menu1'  class='av-submenu-container av-lm4vbcre-b3782ee8fa6b385798a4caf82a9b8add alternate_color av-switch-768  avia-builder-el-6  el_after_av_section  el_before_av_section  menu av-sticky-submenu submenu-not-first container_wrap sidebar_right' style='z-index:301' ><div class='container av-menu-mobile-active av-submenu-pos-left'><a href=\"#\" class=\"mobile_menu_toggle\"><span class='avia-svg-icon avia-font-svg_entypo-fontello' data-av_svg_icon='list' data-av_iconset='svg_entypo-fontello'><svg version=\"1.1\" xmlns=\"http:\/\/www.w3.org\/2000\/svg\" width=\"22\" height=\"32\" viewBox=\"0 0 22 32\" preserveAspectRatio=\"xMidYMid meet\" aria-labelledby='av-svg-title-1' aria-describedby='av-svg-desc-1' role=\"graphics-symbol\" aria-hidden=\"true\">\n<title id='av-svg-title-1'>List<\/title>\n<desc id='av-svg-desc-1'>List<\/desc>\n<path d=\"M3.2 20.8q0.64 0 1.12 0.48t0.48 1.12-0.48 1.12-1.12 0.48h-1.6q-0.64 0-1.12-0.48t-0.48-1.12 0.448-1.12 1.152-0.48h1.6zM3.2 14.4q0.64 0 1.12 0.48t0.48 1.12-0.48 1.12-1.12 0.48h-1.6q-0.64 0-1.12-0.48t-0.48-1.12 0.448-1.12 1.152-0.48h1.6zM3.2 8q0.64 0 1.12 0.48t0.48 1.12-0.48 1.12-1.12 0.48h-1.6q-0.64 0-1.12-0.48t-0.48-1.12 0.448-1.12 1.152-0.48h1.6zM9.6 11.2q-0.64 0-1.12-0.48t-0.48-1.12 0.48-1.12 1.12-0.48h11.2q0.704 0 1.152 0.48t0.448 1.12-0.48 1.12-1.12 0.48h-11.2zM20.8 14.4q0.704 0 1.152 0.48t0.448 1.12-0.48 1.12-1.12 0.48h-11.2q-0.64 0-1.12-0.48t-0.48-1.12 0.48-1.12 1.12-0.48h11.2zM20.8 20.8q0.704 0 1.152 0.48t0.448 1.12-0.48 1.12-1.12 0.48h-11.2q-0.64 0-1.12-0.48t-0.48-1.12 0.48-1.12 1.12-0.48h11.2z\"><\/path>\n<\/svg><\/span><span class=\"av-current-placeholder\">Menu<\/span><\/a><ul id='av-custom-submenu-1' class='av-subnav-menu' role='menu'>\n<li class='menu-item av-8groco-e85fc9b4214e95627a9fdc19c3e5705d menu-item-top-level menu-item-top-level-1' role='menuitem'><a href='https:\/\/www.certifica2it.com\/devops\/'  ><span class='avia-bullet'><\/span><span class='avia-menu-text'>Home<\/span><\/a><\/li>\n<li class='menu-item av-4v01c8-d934ebee6cd3f6debed56fe4876852eb menu-item-top-level menu-item-top-level-2' role='menuitem'><a href='https:\/\/www.certifica2it.com\/devops\/devops-es\/devops-simular-examen\/'  ><span class='avia-bullet'><\/span><span class='avia-menu-text'>Simular Examen<\/span><\/a><\/li>\n<li class='menu-item av-65hzoo-be1a2a09b8752f24323c3065922bed54 menu-item-top-level menu-item-top-level-3' role='menuitem'><a href='https:\/\/www.certifica2it.com\/devops\/devops-es\/devops10\/'  ><span class='avia-bullet'><\/span><span class='avia-menu-text'>Pr\u00e1ctica R\u00e1pida<\/span><\/a><\/li>\n<li class='menu-item av-7squ3c-e5cc51d559d1ff13303dc4ddc3fd7f81 menu-item-top-level menu-item-top-level-4' role='menuitem'><a href='https:\/\/www.certifica2it.com\/devops\/devops-es\/devops-temas\/'  ><span class='avia-bullet'><\/span><span class='avia-menu-text'>Temas<\/span><\/a><\/li>\n<\/ul><\/div><\/div><div class='sticky_placeholder'><\/div>\n\n<style type=\"text\/css\" data-created_by=\"avia_inline_auto\" id=\"style-css-av-3anjno-4ebcc8ff954f8bf672eee46a0eb6b3d0\">\n.avia-section.av-3anjno-4ebcc8ff954f8bf672eee46a0eb6b3d0 .av-section-color-overlay{\nopacity:0.4;\nbackground-image:url(https:\/\/www.certifica2it.com\/devops\/wp-content\/themes\/enfold\/images\/background-images\/polygon.png);\nbackground-repeat:repeat;\n}\n<\/style>\n<div id='av_section_6'  class='avia-section av-3anjno-4ebcc8ff954f8bf672eee46a0eb6b3d0 main_color avia-section-default avia-shadow  avia-builder-el-7  el_after_av_submenu  avia-builder-el-last  avia-bg-style-scroll av-section-color-overlay-active av-minimum-height av-minimum-height-50 av-height-50  container_wrap sidebar_right'   data-av_minimum_height_pc='50' data-av_min_height_opt='50'><div class=\"av-section-color-overlay-wrap\"><div class=\"av-section-color-overlay\"><\/div><div class='container av-section-cont-open' ><div class='template-page content  av-content-small alpha units'><div class='post-entry post-entry-type-page post-entry-4536'><div class='entry-content-wrapper clearfix'>\n<div  class='flex_column av-av_one_full-048119fdb636ea3d70edc0b975509c6c av_one_full  avia-builder-el-8  el_before_av_one_full  avia-builder-el-first  first flex_column_div  '     ><section  class='av_textblock_section av-av_textblock-564067357eb74c20cdd60b282c9b50bd '   itemscope=\"itemscope\" itemtype=\"https:\/\/schema.org\/CreativeWork\" ><div class='avia_textblock'  itemprop=\"text\" ><div id=\"certi-2723478891\"><script async src=\"\/\/pagead2.googlesyndication.com\/pagead\/js\/adsbygoogle.js?client=ca-pub-8876823530095398\" crossorigin=\"anonymous\"><\/script><ins class=\"adsbygoogle\" style=\"display:block;\" data-ad-client=\"ca-pub-8876823530095398\" \ndata-ad-slot=\"7456428436\" \ndata-ad-format=\"auto\"><\/ins>\n<script> \n(adsbygoogle = window.adsbygoogle || []).push({}); \n<\/script>\n<\/div>\n<\/div><\/section><\/div>\n<style type=\"text\/css\" data-created_by=\"avia_inline_auto\" id=\"style-css-av-lsrsueit-370538f12bec9b410ef9b19ed4645364\">\n.avia_transform .flex_column.av-lsrsueit-370538f12bec9b410ef9b19ed4645364{\nanimation-duration:1.5s;\n}\n<\/style>\n<div  class='flex_column av-lsrsueit-370538f12bec9b410ef9b19ed4645364 av_one_full  avia-builder-el-10  el_after_av_one_full  avia-builder-el-last  first flex_column_div av-animated-generic pop-up  column-top-margin'     ><p>\n<style type=\"text\/css\" data-created_by=\"avia_inline_auto\" id=\"style-css-av-lowx0ity-371aa47f2f7439145b900d2b5c987f46\">\n#top .hr.hr-invisible.av-lowx0ity-371aa47f2f7439145b900d2b5c987f46{\nheight:50px;\n}\n<\/style>\n<div  class='hr av-lowx0ity-371aa47f2f7439145b900d2b5c987f46 hr-invisible  avia-builder-el-11  el_before_av_iconlist  avia-builder-el-first '><span class='hr-inner '><span class=\"hr-inner-style\"><\/span><\/span><\/div><br \/>\n\n<style type=\"text\/css\" data-created_by=\"avia_inline_auto\" id=\"style-css-av-lovtcxct-23c18f106e1dae170f00e2ac7a0988ca\">\n@keyframes av_sonarEffect_av-lovtcxct-23c18f106e1dae170f00e2ac7a0988ca {\n  0% {opacity: 0.3;}\n 50% {opacity: 0.5;}\n100% {opacity: 0.5; transform: scale(1.5);}\n}\n#top .avia-icon-list-container.av-lovtcxct-23c18f106e1dae170f00e2ac7a0988ca .iconlist_icon{\ncolor:#ffffff;\nbackground-color:#68b0c1;\nborder:1px solid #ffffff;\n}\n#top .avia-icon-list-container.av-lovtcxct-23c18f106e1dae170f00e2ac7a0988ca .iconlist_icon svg:first-child{\nstroke:#ffffff;\nfill:#ffffff;\n}\n#top .avia-icon-list-container.av-lovtcxct-23c18f106e1dae170f00e2ac7a0988ca .iconlist_icon:hover{\nanimation:av_sonarEffect_av-lovtcxct-23c18f106e1dae170f00e2ac7a0988ca 1s ease-in-out;\n}\n#top #wrap_all .avia-icon-list-container.av-lovtcxct-23c18f106e1dae170f00e2ac7a0988ca .av_iconlist_title{\ncolor:#384d5d;\n}\n<\/style>\n<div  class='avia-icon-list-container av-lovtcxct-23c18f106e1dae170f00e2ac7a0988ca  avia-builder-el-12  el_after_av_hr  el_before_av_hr '><ul class='avia-icon-list avia_animate_when_almost_visible avia-icon-list-left av-iconlist-big av-lovtcxct-23c18f106e1dae170f00e2ac7a0988ca avia-iconlist-animate avia-sonar-shadow'>\n<li><a href='https:\/\/www.certifica2it.com\/devops\/devops-es\/devops-simular-examen\/' title='Simular Examen'  class='iconlist_icon av-1xht88-3dcb1398a687ed487b35a8bf319dfbad avia-font-entypo-fontello avia-iconfont avia-font-entypo-fontello'><span class='av-icon-char' data-av_icon='\ue83c' data-av_iconfont='entypo-fontello' aria-hidden=\"true\"><\/span><\/a><article class=\"article-icon-entry \"  itemscope=\"itemscope\" itemtype=\"https:\/\/schema.org\/CreativeWork\" ><div class=\"iconlist_content_wrap\"><header class=\"entry-content-header\" aria-label=\"Icon: &lt;a href=&#039;https:\/\/www.certifica2it.com\/devops\/devops-es\/devops-simular-examen\/&#039; title=&#039;Simular Examen&#039;&gt;Simular Examen&lt;\/a&gt;\"><h4 class='av_iconlist_title iconlist_title  av_inherit_color'  itemprop=\"headline\" ><a href='https:\/\/www.certifica2it.com\/devops\/devops-es\/devops-simular-examen\/' title='Simular Examen'>Simular Examen<\/a><\/h4><\/header><div class='iconlist_content '  itemprop=\"text\" ><p>Examen certificaci\u00f3n 40 preguntas \u2013 60 min<\/p>\n<\/div><\/div><footer class=\"entry-footer\"><\/footer><\/article><div class=\"iconlist-timeline\"><\/div><\/li>\n<li><a href='https:\/\/www.certifica2it.com\/devops\/devops-es\/devops10\/' title='Pr\u00e1ctica R\u00e1pida'  class='iconlist_icon av-21fwyw-7dbae8e0bb042a6add450fdfa58aa645 avia-font-entypo-fontello avia-iconfont avia-font-entypo-fontello'><span class='av-icon-char' data-av_icon='\ue83b' data-av_iconfont='entypo-fontello' aria-hidden=\"true\"><\/span><\/a><article class=\"article-icon-entry \"  itemscope=\"itemscope\" itemtype=\"https:\/\/schema.org\/CreativeWork\" ><div class=\"iconlist_content_wrap\"><header class=\"entry-content-header\" aria-label=\"Icon: &lt;a href=&#039;https:\/\/www.certifica2it.com\/devops\/devops-es\/devops10\/&#039; title=&#039;Pr\u00e1ctica R\u00e1pida&#039;&gt;Pr\u00e1ctica R\u00e1pida&lt;\/a&gt;\"><h4 class='av_iconlist_title iconlist_title  av_inherit_color'  itemprop=\"headline\" ><a href='https:\/\/www.certifica2it.com\/devops\/devops-es\/devops10\/' title='Pr\u00e1ctica R\u00e1pida'>Pr\u00e1ctica R\u00e1pida<\/a><\/h4><\/header><div class='iconlist_content '  itemprop=\"text\" ><p>5 preguntas aleatorias<\/p>\n<\/div><\/div><footer class=\"entry-footer\"><\/footer><\/article><div class=\"iconlist-timeline\"><\/div><\/li>\n<li><a href='https:\/\/www.certifica2it.com\/devops\/devops-es\/devops-temas\/' title='Preguntas por Temas'  class='iconlist_icon av-2vwnzs-de0db1d7dd89ec557a18d76b1680ec96 avia-font-entypo-fontello avia-iconfont avia-font-entypo-fontello'><span class='av-icon-char' data-av_icon='\ue8da' data-av_iconfont='entypo-fontello' aria-hidden=\"true\"><\/span><\/a><article class=\"article-icon-entry \"  itemscope=\"itemscope\" itemtype=\"https:\/\/schema.org\/CreativeWork\" ><div class=\"iconlist_content_wrap\"><header class=\"entry-content-header\" aria-label=\"Icon: &lt;a href=&#039;https:\/\/www.certifica2it.com\/devops\/devops-es\/devops-temas\/&#039; title=&#039;Preguntas por Temas&#039;&gt;Preguntas por Temas&lt;\/a&gt;\"><h4 class='av_iconlist_title iconlist_title  av_inherit_color'  itemprop=\"headline\" ><a href='https:\/\/www.certifica2it.com\/devops\/devops-es\/devops-temas\/' title='Preguntas por Temas'>Preguntas por Temas<\/a><\/h4><\/header><div class='iconlist_content '  itemprop=\"text\" ><p>Elige el tema que quieres preparar<\/p>\n<\/div><\/div><footer class=\"entry-footer\"><\/footer><\/article><div class=\"iconlist-timeline\"><\/div><\/li>\n<\/ul><\/div><br \/>\n\n<style type=\"text\/css\" data-created_by=\"avia_inline_auto\" id=\"style-css-av-lowx0ity-1-94014a4486b6b3975c167abdf9e4e74c\">\n#top .hr.hr-invisible.av-lowx0ity-1-94014a4486b6b3975c167abdf9e4e74c{\nheight:50px;\n}\n<\/style>\n<div  class='hr av-lowx0ity-1-94014a4486b6b3975c167abdf9e4e74c hr-invisible  avia-builder-el-13  el_after_av_iconlist  avia-builder-el-last '><span class='hr-inner '><span class=\"hr-inner-style\"><\/span><\/span><\/div><\/p><\/div><\/div><\/div><\/div><!-- close content main div --><\/div><\/div><\/div><div id='after_section_6'  class='main_color av_default_container_wrap container_wrap sidebar_right'  ><div class='container av-section-cont-open' ><div class='template-page content  av-content-small alpha units'><div class='post-entry post-entry-type-page post-entry-4536'><div class='entry-content-wrapper clearfix'>\n","protected":false},"excerpt":{"rendered":"","protected":false},"author":1,"featured_media":0,"parent":0,"menu_order":0,"comment_status":"closed","ping_status":"closed","template":"","meta":{"footnotes":""},"class_list":["post-4536","page","type-page","status-publish","hentry"],"yoast_head":"<!-- This site is optimized with the Yoast SEO Premium plugin v22.2 (Yoast SEO v27.5) - https:\/\/yoast.com\/product\/yoast-seo-premium-wordpress\/ -->\n<title>DevOps-ES - DevOps<\/title>\n<meta name=\"robots\" content=\"index, follow, max-snippet:-1, max-image-preview:large, max-video-preview:-1\" \/>\n<link rel=\"canonical\" href=\"https:\/\/www.certifica2it.com\/devops\/devops-es\/\" \/>\n<meta property=\"og:locale\" content=\"en_US\" \/>\n<meta property=\"og:type\" content=\"article\" \/>\n<meta property=\"og:title\" content=\"DevOps-ES\" \/>\n<meta property=\"og:url\" content=\"https:\/\/www.certifica2it.com\/devops\/devops-es\/\" \/>\n<meta property=\"og:site_name\" content=\"DevOps\" \/>\n<meta property=\"article:modified_time\" content=\"2024-04-11T16:31:53+00:00\" \/>\n<meta name=\"twitter:card\" content=\"summary_large_image\" \/>\n<meta name=\"twitter:label1\" content=\"Est. reading time\" \/>\n\t<meta name=\"twitter:data1\" content=\"2 minutes\" \/>\n<script type=\"application\/ld+json\" class=\"yoast-schema-graph\">{\"@context\":\"https:\\\/\\\/schema.org\",\"@graph\":[{\"@type\":\"WebPage\",\"@id\":\"https:\\\/\\\/www.certifica2it.com\\\/devops\\\/devops-es\\\/\",\"url\":\"https:\\\/\\\/www.certifica2it.com\\\/devops\\\/devops-es\\\/\",\"name\":\"DevOps-ES - DevOps\",\"isPartOf\":{\"@id\":\"https:\\\/\\\/www.certifica2it.com\\\/devops\\\/#website\"},\"datePublished\":\"2023-11-10T12:02:33+00:00\",\"dateModified\":\"2024-04-11T16:31:53+00:00\",\"breadcrumb\":{\"@id\":\"https:\\\/\\\/www.certifica2it.com\\\/devops\\\/devops-es\\\/#breadcrumb\"},\"inLanguage\":\"en-US\",\"potentialAction\":[{\"@type\":\"ReadAction\",\"target\":[\"https:\\\/\\\/www.certifica2it.com\\\/devops\\\/devops-es\\\/\"]}]},{\"@type\":\"BreadcrumbList\",\"@id\":\"https:\\\/\\\/www.certifica2it.com\\\/devops\\\/devops-es\\\/#breadcrumb\",\"itemListElement\":[{\"@type\":\"ListItem\",\"position\":1,\"name\":\"Portada\",\"item\":\"https:\\\/\\\/www.certifica2it.com\\\/devops\\\/home\\\/\"},{\"@type\":\"ListItem\",\"position\":2,\"name\":\"DevOps-ES\"}]},{\"@type\":\"WebSite\",\"@id\":\"https:\\\/\\\/www.certifica2it.com\\\/devops\\\/#website\",\"url\":\"https:\\\/\\\/www.certifica2it.com\\\/devops\\\/\",\"name\":\"DevOps Fundamentals\",\"description\":\"\",\"publisher\":{\"@id\":\"https:\\\/\\\/www.certifica2it.com\\\/devops\\\/#organization\"},\"potentialAction\":[{\"@type\":\"SearchAction\",\"target\":{\"@type\":\"EntryPoint\",\"urlTemplate\":\"https:\\\/\\\/www.certifica2it.com\\\/devops\\\/?s={search_term_string}\"},\"query-input\":{\"@type\":\"PropertyValueSpecification\",\"valueRequired\":true,\"valueName\":\"search_term_string\"}}],\"inLanguage\":\"en-US\"},{\"@type\":\"Organization\",\"@id\":\"https:\\\/\\\/www.certifica2it.com\\\/devops\\\/#organization\",\"name\":\"DevOps Fundamentals\",\"url\":\"https:\\\/\\\/www.certifica2it.com\\\/devops\\\/\",\"logo\":{\"@type\":\"ImageObject\",\"inLanguage\":\"en-US\",\"@id\":\"https:\\\/\\\/www.certifica2it.com\\\/devops\\\/#\\\/schema\\\/logo\\\/image\\\/\",\"url\":\"https:\\\/\\\/www.certifica2it.com\\\/devops\\\/wp-content\\\/uploads\\\/sites\\\/3\\\/2024\\\/02\\\/escudo-ExamenDevOps-150.png\",\"contentUrl\":\"https:\\\/\\\/www.certifica2it.com\\\/devops\\\/wp-content\\\/uploads\\\/sites\\\/3\\\/2024\\\/02\\\/escudo-ExamenDevOps-150.png\",\"width\":150,\"height\":150,\"caption\":\"DevOps Fundamentals\"},\"image\":{\"@id\":\"https:\\\/\\\/www.certifica2it.com\\\/devops\\\/#\\\/schema\\\/logo\\\/image\\\/\"}}]}<\/script>\n<!-- \/ Yoast SEO Premium plugin. -->","yoast_head_json":{"title":"DevOps-ES - DevOps","robots":{"index":"index","follow":"follow","max-snippet":"max-snippet:-1","max-image-preview":"max-image-preview:large","max-video-preview":"max-video-preview:-1"},"canonical":"https:\/\/www.certifica2it.com\/devops\/devops-es\/","og_locale":"en_US","og_type":"article","og_title":"DevOps-ES","og_url":"https:\/\/www.certifica2it.com\/devops\/devops-es\/","og_site_name":"DevOps","article_modified_time":"2024-04-11T16:31:53+00:00","twitter_card":"summary_large_image","twitter_misc":{"Est. reading time":"2 minutes"},"schema":{"@context":"https:\/\/schema.org","@graph":[{"@type":"WebPage","@id":"https:\/\/www.certifica2it.com\/devops\/devops-es\/","url":"https:\/\/www.certifica2it.com\/devops\/devops-es\/","name":"DevOps-ES - DevOps","isPartOf":{"@id":"https:\/\/www.certifica2it.com\/devops\/#website"},"datePublished":"2023-11-10T12:02:33+00:00","dateModified":"2024-04-11T16:31:53+00:00","breadcrumb":{"@id":"https:\/\/www.certifica2it.com\/devops\/devops-es\/#breadcrumb"},"inLanguage":"en-US","potentialAction":[{"@type":"ReadAction","target":["https:\/\/www.certifica2it.com\/devops\/devops-es\/"]}]},{"@type":"BreadcrumbList","@id":"https:\/\/www.certifica2it.com\/devops\/devops-es\/#breadcrumb","itemListElement":[{"@type":"ListItem","position":1,"name":"Portada","item":"https:\/\/www.certifica2it.com\/devops\/home\/"},{"@type":"ListItem","position":2,"name":"DevOps-ES"}]},{"@type":"WebSite","@id":"https:\/\/www.certifica2it.com\/devops\/#website","url":"https:\/\/www.certifica2it.com\/devops\/","name":"DevOps Fundamentals","description":"","publisher":{"@id":"https:\/\/www.certifica2it.com\/devops\/#organization"},"potentialAction":[{"@type":"SearchAction","target":{"@type":"EntryPoint","urlTemplate":"https:\/\/www.certifica2it.com\/devops\/?s={search_term_string}"},"query-input":{"@type":"PropertyValueSpecification","valueRequired":true,"valueName":"search_term_string"}}],"inLanguage":"en-US"},{"@type":"Organization","@id":"https:\/\/www.certifica2it.com\/devops\/#organization","name":"DevOps Fundamentals","url":"https:\/\/www.certifica2it.com\/devops\/","logo":{"@type":"ImageObject","inLanguage":"en-US","@id":"https:\/\/www.certifica2it.com\/devops\/#\/schema\/logo\/image\/","url":"https:\/\/www.certifica2it.com\/devops\/wp-content\/uploads\/sites\/3\/2024\/02\/escudo-ExamenDevOps-150.png","contentUrl":"https:\/\/www.certifica2it.com\/devops\/wp-content\/uploads\/sites\/3\/2024\/02\/escudo-ExamenDevOps-150.png","width":150,"height":150,"caption":"DevOps Fundamentals"},"image":{"@id":"https:\/\/www.certifica2it.com\/devops\/#\/schema\/logo\/image\/"}}]}},"_links":{"self":[{"href":"https:\/\/www.certifica2it.com\/devops\/wp-json\/wp\/v2\/pages\/4536","targetHints":{"allow":["GET"]}}],"collection":[{"href":"https:\/\/www.certifica2it.com\/devops\/wp-json\/wp\/v2\/pages"}],"about":[{"href":"https:\/\/www.certifica2it.com\/devops\/wp-json\/wp\/v2\/types\/page"}],"author":[{"embeddable":true,"href":"https:\/\/www.certifica2it.com\/devops\/wp-json\/wp\/v2\/users\/1"}],"replies":[{"embeddable":true,"href":"https:\/\/www.certifica2it.com\/devops\/wp-json\/wp\/v2\/comments?post=4536"}],"version-history":[{"count":16,"href":"https:\/\/www.certifica2it.com\/devops\/wp-json\/wp\/v2\/pages\/4536\/revisions"}],"predecessor-version":[{"id":5158,"href":"https:\/\/www.certifica2it.com\/devops\/wp-json\/wp\/v2\/pages\/4536\/revisions\/5158"}],"wp:attachment":[{"href":"https:\/\/www.certifica2it.com\/devops\/wp-json\/wp\/v2\/media?parent=4536"}],"curies":[{"name":"wp","href":"https:\/\/api.w.org\/{rel}","templated":true}]}}